{"id":9688,"date":"2024-09-28T16:26:35","date_gmt":"2024-09-28T13:26:35","guid":{"rendered":"https:\/\/zetaskimya.com.tr\/?post_type=product&#038;p=9688"},"modified":"2026-05-01T07:31:06","modified_gmt":"2026-05-01T04:31:06","slug":"yag-ayirici","status":"publish","type":"product","link":"https:\/\/zetaskimya.com.tr\/index.php\/product\/yag-ayirici\/","title":{"rendered":"Ya\u011f Ay\u0131r\u0131c\u0131"},"content":{"rendered":"<p><img fetchpriority=\"high\" decoding=\"async\" class=\"alignnone wp-image-10715\" src=\"http:\/\/zetaskimya.com.tr\/wp-content\/uploads\/2022\/08\/WhatsApp-Image-2022-08-15-at-15.32.06.jpeg\" alt=\"\" width=\"640\" height=\"640\" \/><\/p>\n<table style=\"border-collapse: collapse; width: 480pt;\" border=\"0\" width=\"640\" cellspacing=\"0\" cellpadding=\"0\">\n<tbody>\n<tr style=\"height: 14.4pt;\">\n<td class=\"xl63\" style=\"height: 14.4pt; width: 48pt;\" width=\"64\" height=\"19\">KOD<\/td>\n<td class=\"xl63\" style=\"width: 48pt;\" width=\"64\">T\u0130P<\/td>\n<td class=\"xl63\" style=\"width: 48pt;\" width=\"64\">LT\/SN<\/td>\n<td class=\"xl63\" style=\"width: 48pt;\" width=\"64\">DN<\/td>\n<td class=\"xl63\" style=\"width: 48pt;\" width=\"64\">A<\/td>\n<td class=\"xl63\" style=\"width: 48pt;\" width=\"64\">B<\/td>\n<td class=\"xl63\" style=\"width: 48pt;\" width=\"64\">C<\/td>\n<td class=\"xl63\" style=\"width: 48pt;\" width=\"64\">H1<\/td>\n<td class=\"xl63\" style=\"width: 48pt;\" width=\"64\">H2<\/td>\n<td class=\"xl63\" style=\"width: 48pt;\" width=\"64\">LT<\/td>\n<\/tr>\n<tr style=\"height: 14.4pt;\">\n<td style=\"height: 14.4pt;\" height=\"19\">AD 0,2<\/td>\n<td>ORTA Y\u00dcK<\/td>\n<td class=\"xl64\" align=\"right\">0,2<\/td>\n<td align=\"right\">50<\/td>\n<td align=\"right\">555<\/td>\n<td align=\"right\">360<\/td>\n<td align=\"right\">400<\/td>\n<td align=\"right\">250<\/td>\n<td align=\"right\">240<\/td>\n<td align=\"right\">9<\/td>\n<\/tr>\n<tr style=\"height: 14.4pt;\">\n<td style=\"height: 14.4pt;\" height=\"19\">AD 0,3<\/td>\n<td>ORTA Y\u00dcK<\/td>\n<td class=\"xl64\" align=\"right\">0,3<\/td>\n<td align=\"right\">70<\/td>\n<td align=\"right\">700<\/td>\n<td align=\"right\">360<\/td>\n<td align=\"right\">400<\/td>\n<td align=\"right\">250<\/td>\n<td align=\"right\">240<\/td>\n<td align=\"right\">13<\/td>\n<\/tr>\n<tr style=\"height: 14.4pt;\">\n<td style=\"height: 14.4pt;\" height=\"19\">AD 1<\/td>\n<td>ORTA Y\u00dcK<\/td>\n<td class=\"xl64\" align=\"right\">1<\/td>\n<td align=\"right\">100<\/td>\n<td align=\"right\">1200<\/td>\n<td align=\"right\">600<\/td>\n<td align=\"right\">750<\/td>\n<td align=\"right\">550<\/td>\n<td align=\"right\">480<\/td>\n<td align=\"right\">47<\/td>\n<\/tr>\n<tr style=\"height: 14.4pt;\">\n<td style=\"height: 14.4pt;\" height=\"19\">AD 2<\/td>\n<td>ORTA Y\u00dcK<\/td>\n<td class=\"xl64\" align=\"right\">2<\/td>\n<td align=\"right\">100<\/td>\n<td align=\"right\">1200<\/td>\n<td align=\"right\">750<\/td>\n<td align=\"right\">1180<\/td>\n<td align=\"right\">970<\/td>\n<td align=\"right\">900<\/td>\n<td align=\"right\">80<\/td>\n<\/tr>\n<tr style=\"height: 14.4pt;\">\n<td style=\"height: 14.4pt;\" height=\"19\">AD 3<\/td>\n<td>ORTA Y\u00dcK<\/td>\n<td class=\"xl64\" align=\"right\">3<\/td>\n<td align=\"right\">100<\/td>\n<td align=\"right\">1750<\/td>\n<td align=\"right\">750<\/td>\n<td align=\"right\">1180<\/td>\n<td align=\"right\">970<\/td>\n<td align=\"right\">900<\/td>\n<td align=\"right\">135<\/td>\n<\/tr>\n<tr style=\"height: 14.4pt;\">\n<td style=\"height: 14.4pt;\" height=\"19\">AD 4<\/td>\n<td>ORTA Y\u00dcK<\/td>\n<td class=\"xl64\" align=\"right\">4<\/td>\n<td align=\"right\">100<\/td>\n<td align=\"right\">2250<\/td>\n<td align=\"right\">750<\/td>\n<td align=\"right\">1180<\/td>\n<td align=\"right\">970<\/td>\n<td align=\"right\">900<\/td>\n<td align=\"right\">160<\/td>\n<\/tr>\n<tr style=\"height: 14.4pt;\">\n<td style=\"height: 14.4pt;\" height=\"19\">AD 5<\/td>\n<td>ORTA Y\u00dcK<\/td>\n<td class=\"xl64\" align=\"right\">5<\/td>\n<td align=\"right\">125<\/td>\n<td align=\"right\">2500<\/td>\n<td align=\"right\">800<\/td>\n<td align=\"right\">1250<\/td>\n<td><\/td>\n<td><\/td>\n<td><\/td>\n<\/tr>\n<tr style=\"height: 14.4pt;\">\n<td style=\"height: 14.4pt;\" height=\"19\">AD 6<\/td>\n<td>ORTA Y\u00dcK<\/td>\n<td class=\"xl64\" align=\"right\">6<\/td>\n<td align=\"right\">125<\/td>\n<td align=\"right\">2750<\/td>\n<td align=\"right\">800<\/td>\n<td align=\"right\">1180<\/td>\n<td><\/td>\n<td><\/td>\n<td><\/td>\n<\/tr>\n<tr style=\"height: 14.4pt;\">\n<td style=\"height: 14.4pt;\" height=\"19\">AD 7<\/td>\n<td>ORTA Y\u00dcK<\/td>\n<td class=\"xl64\" align=\"right\">7<\/td>\n<td align=\"right\">125<\/td>\n<td align=\"right\">2750<\/td>\n<td align=\"right\">800<\/td>\n<td align=\"right\">1250<\/td>\n<td align=\"right\">1150<\/td>\n<td align=\"right\">1070<\/td>\n<td align=\"right\">350<\/td>\n<\/tr>\n<tr style=\"height: 14.4pt;\">\n<td style=\"height: 14.4pt;\" height=\"19\">AD 10<\/td>\n<td>ORTA Y\u00dcK<\/td>\n<td class=\"xl64\" align=\"right\">10<\/td>\n<td align=\"right\">150<\/td>\n<td align=\"right\">3500<\/td>\n<td align=\"right\">850<\/td>\n<td align=\"right\">1350<\/td>\n<td align=\"right\">1125<\/td>\n<td align=\"right\">1017<\/td>\n<td align=\"right\">500<\/td>\n<\/tr>\n<\/tbody>\n<\/table>\n","protected":false},"excerpt":{"rendered":"<p>KOD T\u0130P LT\/SN DN A B C H1 H2 LT AD 0,2 ORTA Y\u00dcK 0,2 50 555 360 400 250 240 9 AD 0,3 ORTA Y\u00dcK 0,3 70 700 360 400 250 240 13 AD 1 ORTA Y\u00dcK 1 100 1200 600 750 550 480 47 AD 2 ORTA Y\u00dcK 2 100 1200 750 1180 &hellip; <a href=\"https:\/\/zetaskimya.com.tr\/index.php\/product\/yag-ayirici\/\" class=\"more-link\">Continue reading <span class=\"screen-reader-text\">Ya\u011f Ay\u0131r\u0131c\u0131<\/span><\/a><\/p>\n","protected":false},"featured_media":9697,"comment_status":"open","ping_status":"closed","template":"","meta":[],"product_cat":[197,228,196],"product_tag":[],"class_list":{"0":"post-9688","1":"product","2":"type-product","3":"status-publish","4":"has-post-thumbnail","6":"product_cat-endustriyel-yag-ayirici","7":"product_cat-tezgah-alti-yag-ayirici","8":"product_cat-yag-ayirici","9":"pa_lt-hacim-861","10":"pa_lt-hacim-862","11":"pa_lt-hacim-863","12":"pa_lt-hacim-864","13":"pa_lt-hacim-865","14":"pa_lt-hacim-866","15":"pa_lt-hacim-867","16":"pa_lt-hacim-868","17":"pa_lt-sn-869","18":"pa_lt-sn-870","19":"pa_lt-sn-871","20":"pa_lt-sn-872","21":"pa_lt-sn-873","22":"pa_lt-sn-874","23":"pa_lt-sn-875","24":"pa_lt-sn-876","25":"pa_lt-sn-877","26":"pa_lt-sn-878","29":"instock","30":"sale","31":"shipping-taxable","32":"purchasable","33":"product-type-variable"},"jetpack_sharing_enabled":true,"_links":{"self":[{"href":"https:\/\/zetaskimya.com.tr\/index.php\/wp-json\/wp\/v2\/product\/9688","targetHints":{"allow":["GET"]}}],"collection":[{"href":"https:\/\/zetaskimya.com.tr\/index.php\/wp-json\/wp\/v2\/product"}],"about":[{"href":"https:\/\/zetaskimya.com.tr\/index.php\/wp-json\/wp\/v2\/types\/product"}],"replies":[{"embeddable":true,"href":"https:\/\/zetaskimya.com.tr\/index.php\/wp-json\/wp\/v2\/comments?post=9688"}],"version-history":[{"count":0,"href":"https:\/\/zetaskimya.com.tr\/index.php\/wp-json\/wp\/v2\/product\/9688\/revisions"}],"wp:featuredmedia":[{"embeddable":true,"href":"https:\/\/zetaskimya.com.tr\/index.php\/wp-json\/wp\/v2\/media\/9697"}],"wp:attachment":[{"href":"https:\/\/zetaskimya.com.tr\/index.php\/wp-json\/wp\/v2\/media?parent=9688"}],"wp:term":[{"taxonomy":"product_cat","embeddable":true,"href":"https:\/\/zetaskimya.com.tr\/index.php\/wp-json\/wp\/v2\/product_cat?post=9688"},{"taxonomy":"product_tag","embeddable":true,"href":"https:\/\/zetaskimya.com.tr\/index.php\/wp-json\/wp\/v2\/product_tag?post=9688"}],"curies":[{"name":"wp","href":"https:\/\/api.w.org\/{rel}","templated":true}]}}