{"id":9701,"date":"2024-09-28T16:26:48","date_gmt":"2024-09-28T13:26:48","guid":{"rendered":"https:\/\/zetaskimya.com.tr\/?post_type=product&#038;p=9701"},"modified":"2026-03-26T23:13:34","modified_gmt":"2026-03-26T20:13:34","slug":"manyetik-filtre","status":"publish","type":"product","link":"https:\/\/zetaskimya.com.tr\/index.php\/product\/manyetik-filtre\/","title":{"rendered":"Manyetik Filtre"},"content":{"rendered":"<p><b>Manyetik Filtre<br \/>\n<\/b><\/p>\n<p>Manyetik filtre sayesinde demir kirlili\u011fi m\u0131knat\u0131s taraf\u0131ndan \u00e7ekilir. Manyetik ay\u0131r\u0131c\u0131n\u0131n alt\u0131nda g\u00fc\u00e7l\u00fc bir manyetik alan olu\u015fturulur. Sudaki bu malzemeler ay\u0131r\u0131c\u0131n\u0131n alt\u0131ndan ge\u00e7ti\u011finde, malzemede gizlenen demir kirlili\u011fi ay\u0131r\u0131c\u0131n\u0131n \u00e7al\u0131\u015fma y\u00fczeyine \u00e7ekilecektir.<\/p>\n<p>Ay\u0131r\u0131c\u0131 belirli bir miktar demir \u00e7ekti\u011finde manyetik ay\u0131r\u0131c\u0131, bantl\u0131 konvey\u00f6rden uzakla\u015ft\u0131r\u0131l\u0131r ve ay\u0131r\u0131c\u0131ya yap\u0131\u015fan demir manyetik olmayan aletler ile \u00e7\u0131kar\u0131l\u0131r. Ay\u0131r\u0131c\u0131 temizlendikten sonra \u00e7al\u0131\u015fmaya devam edebilir.<\/p>\n<h2><b>Manyetik Filtre Nedir?<\/b><\/h2>\n<p><strong>Manyetik filtre<\/strong>, en basit tan\u0131m\u0131 ile birlikte \u201c\u00e7ekimli s\u00fczge\u00e7\u201d olarak belirtilebilir. Cihazlarda kullan\u0131lan ve ya\u011flama g\u00f6revi g\u00f6ren ya\u011f\u0131n i\u00e7indeki demirli metal k\u0131r\u0131nt\u0131lar\u0131 \u00fczerinde toplama prensibi ile \u00e7al\u0131\u015fan ve ayn\u0131 zamanda ya\u011fdan ay\u0131ran, \u00e7ekim g\u00fcc\u00fcne sahip bir t\u00fcr s\u00fczge\u00e7tir.<\/p>\n<p>Kimyasal i\u00e7eren \u00e7amur, boya; ayn\u0131 zamanda \u015feker, ya\u011f, re\u00e7el, ak\u0131\u015fkan g\u0131dalar, \u00e7ikolata vb. g\u0131dasal maddeleri, s\u0131v\u0131lar\u0131n i\u00e7erisinden mikroskobik \u00f6l\u00e7\u00fclerde bulunan metal par\u00e7alar\u0131n\u0131 toplayan ay\u0131r\u0131c\u0131lard\u0131r. Borular arac\u0131l\u0131\u011f\u0131yla ge\u00e7en s\u0131v\u0131lar\u0131n i\u00e7erisinde, korozyondan \u00f6t\u00fcr\u00fc zaman ge\u00e7tik\u00e7e olu\u015fan pas\u0131 ve kopan metal par\u00e7alar\u0131n\u0131 b\u00fcnyesine \u00e7ekerek daha sa\u011flam ve temiz \u00fcr\u00fcn elde etmenizi sa\u011flar. Kullan\u0131lan yere ve \u00fcr\u00fcne g\u00f6re seramik ya da neodimyum maddelerinden \u00fcretilen m\u0131knat\u0131slar imal edilmektedirler. Sa\u011fl\u0131k i\u00e7in, \u00f6zellikle g\u0131da sekt\u00f6r\u00fcnde paslanmaz \u00e7elik malzemeden \u00fcretilen bu manyetik filtreler, s\u0131zd\u0131rmaz \u00f6zelli\u011fi sayesinde g\u00fcvenle kullanabilir.<\/p>\n<h3><b>Manyetik filtrenin \u00f6zellikleri:<\/b><\/h3>\n<ul>\n<li>Genellikle, ince bir malzeme tabakas\u0131 ve demir ile dar bantl\u0131 konvey\u00f6rlerin \u00fczerine yerle\u015ftirilir.<\/li>\n<li>Manuel olarak temizlenebilir.<\/li>\n<li>Tam performans i\u00e7in bak\u0131m\u0131 aksat\u0131lmamal\u0131d\u0131r.<\/li>\n<li>G\u00fcr\u00fclt\u00fcs\u00fcz \u00e7al\u0131\u015f\u0131r.<\/li>\n<li>Her t\u00fcrl\u00fc ihtiyaca uyacak \u00e7ok \u00e7e\u015fitli \u00e7ap ve boyutlarda mevcuttur.<\/li>\n<li>M\u0131knat\u0131s g\u00fcc\u00fc, m\u00fc\u015fterilerin kullan\u0131m\u0131na g\u00f6re de\u011fi\u015fmektedir.<\/li>\n<li>Bak\u0131m\u0131 kolayd\u0131r.<\/li>\n<li>Filtreler doldu\u011funda basit\u00e7e temizlenebilir ve yeniden kullan\u0131labilirler.<\/li>\n<\/ul>\n<h3><b>Manyetik Filtrenin Amac\u0131 Nedir?<\/b><\/h3>\n<p>Manyetik filtre, bir sistemde biriken kal\u0131nt\u0131lar\u0131 toplayan cihaza denir. So\u011fuk radyat\u00f6rler, garip kazan sesleri ve hatta kazan s\u0131z\u0131nt\u0131lar\u0131 bile \u00e7amur olu\u015fumunun belirtileri olabilir. Manyetik filtreler genellikle kazan montaj\u0131 s\u0131ras\u0131nda tak\u0131l\u0131r, ancak sonras\u0131nda mevcut bulunan herhangi bir sisteme de tak\u0131labilir.<\/p>\n<p>Manyetik filtreler yaln\u0131zca demir i\u00e7eren partik\u00fclleri filtrelemede etkili olmakla kalmaz, ayn\u0131 zamanda \u00e7evre i\u00e7in de yararl\u0131d\u0131r. Manyetik tuzakta toplanan kirlilik, tek bir malzeme olarak kolayca geri d\u00f6n\u00fc\u015ft\u00fcr\u00fclebilir. Ayr\u0131ca, filtrelenen s\u0131v\u0131, daha uzun \u00f6m\u00fcrl\u00fc bir s\u0131v\u0131 \u00f6zelliklerini korur.<\/p>\n<p>Manyetik bir filtre takt\u0131ktan sonra, filtrenizin kullan\u0131m \u00f6mr\u00fc boyunca ba\u015fka hi\u00e7bir masrafa gerek duyulmaz. Ayr\u0131ca toplanan kirlilik tamamen geri d\u00f6n\u00fc\u015ft\u00fcr\u00fclebildi\u011fi i\u00e7in kazan\u00e7 da sa\u011flayabilirsiniz.<\/p>\n<p>Manyetik filtreler minimum maliyete sahiptir. Elle temizlenen filtreler ya da kendi kendini temizleyen filtreler de vard\u0131r.<\/p>\n<p>Manyetik filtrelerin boyutu bir mikrondan daha k\u00fc\u00e7\u00fck olan partik\u00fclleri \u00e7\u0131karabildi\u011fini belirtmek de \u00f6nemlidir. Bu k\u00fc\u00e7\u00fck boyutta bile, bu par\u00e7ac\u0131klar s\u0131v\u0131n\u0131n performans\u0131n\u0131 olumsuz etkileyebilir ve bakteri olu\u015fumuna neden olabilir.<\/p>\n<h3><b>Manyetik Filtre Ne \u0130\u015fe Yarar?<\/b><\/h3>\n<p>Manyetik filtre kullanman\u0131n faydalar\u0131 ve \u00f6zellikleri:<\/p>\n<ul>\n<li>Manyetik filtre, s\u0131v\u0131 veya bulama\u00e7 halindeki \u00fcr\u00fcnlerden demir partik\u00fcllerini uzakla\u015ft\u0131ran bir y\u00f6ntemdir.<\/li>\n<li>Manyetik filtre kirlerle dolsa bile, geri bas\u0131n\u00e7 d\u00fc\u015f\u00fc\u015f\u00fc veya filtre patlamas\u0131 riski yoktur.<\/li>\n<li>T\u00fcm manyetik filtre sistemi ve ana sistem otomatik olarak \u00e7al\u0131\u015f\u0131r; herhangi bir operat\u00f6r gerekmez. Metal detekt\u00f6r\u00fcnden gelen sinyal ile birlikte manyetik ay\u0131r\u0131c\u0131 \u00e7al\u0131\u015fmaya ba\u015flar.<\/li>\n<li>\u00d6zel manyetik sistem tasar\u0131m\u0131, at\u0131k demiri manyetik filtreden ay\u0131r\u0131r ve \u00e7ekilen demirli malzemeyi bantl\u0131 konvey\u00f6re geri g\u00f6nderir.<\/li>\n<li>Metal detekt\u00f6r\u00fcnde bulunan ger\u00e7ek zamanl\u0131 izleme teknolojisi ile \u00e7\u00f6p demirinin konvey\u00f6rden \u00e7\u0131kar\u0131lmas\u0131 sa\u011flan\u0131r.<\/li>\n<li>Bantl\u0131 konvey\u00f6re paralel olarak kurulan sistem sayesinde yerden tasarruf sa\u011flan\u0131r.<\/li>\n<li>\u0130\u015fletme ve bak\u0131m kolayl\u0131\u011f\u0131 sa\u011flan\u0131r.<\/li>\n<\/ul>\n<h2><b>Manyetik Kire\u00e7 \u00d6nleyici Filtre<\/b><\/h2>\n<p>Manyetik kire\u00e7 \u00f6nleyici filtre sayesinde makinelerinizin kullan\u0131m \u00f6mr\u00fc uzar ve bu sayede hem b\u00fct\u00e7enizden hem de zaman\u0131n\u0131zdan tasarruf edebilirsiniz. Makinelerin d\u00fc\u015fman\u0131 kire\u00e7, \u015fu yollar ile olu\u015fabilir:<\/p>\n<ul>\n<li>Bula\u015f\u0131klardaki kirler<\/li>\n<li>Makinede ya\u015fanan ar\u0131zalar<\/li>\n<li>Kaba kuma\u015flar<\/li>\n<li>Y\u00fcksek enerji t\u00fcketimi<\/li>\n<\/ul>\n<p><strong>Manyetik kire\u00e7 \u00f6nleyici filtre<\/strong>\u00a0tesisat\u0131n\u0131za ve makinenize zarar vermeden ufak bir m\u00fcdahale ile sisteme entegre edilir. Lavabo tesisat\u0131na eklenen uzun \u00e7ubuk g\u00f6r\u00fcn\u00fcm\u00fcndeki ara\u00e7 ile\u00a0<strong>kire\u00e7 \u00f6nleyici<\/strong>\u00a0kullan\u0131ma haz\u0131r hale gelir. Manyetik\u00a0<strong>kire\u00e7 \u00f6nleyici filtreler<\/strong>\u00a012.5, 21, 25, 36, 45 cm boyutlar\u0131ndad\u0131r.<\/p>\n<h3><b>Manyetik Filtre Nerelerde Kullan\u0131l\u0131r?<\/b><\/h3>\n<p>Manyetik filtre kullan\u0131m alanlar\u0131:<\/p>\n<ul>\n<li>Termik santral,<\/li>\n<li>K\u00f6m\u00fcr santrali,<\/li>\n<li>Metal\u00fcrji,<\/li>\n<li>\u00c7imento fabrikas\u0131,<\/li>\n<li>Cam fabrikas\u0131,<\/li>\n<li>G\u0131da maddesi \u00fcreten fabrikalar,<\/li>\n<li>Ev tesisatlar\u0131nda,<\/li>\n<li>Makine rezidanslar\u0131nda,<\/li>\n<li>Liman vb. alanlarda \u00e7ok\u00e7a tercih edilir.<\/li>\n<\/ul>\n<p>Manyetik filtre sayesinde malzemeler safla\u015ft\u0131r\u0131labilir ve kalitesi artar. Demir i\u00e7eren, paramanyetik ve \u00f6\u011f\u00fct\u00fcc\u00fc ortam kirlili\u011finin s\u00f6z konusu oldu\u011fu hemen hemen her ortamda kullan\u0131labilen bir y\u00f6ntemdir. Manyetik filtreler, bu t\u00fcr filtrelemeyi kolay ve etkili hale getirir.<\/p>\n<p>Fizik bilimi ile teknolojinin bir araya gelmesi sonucu olu\u015fan manyetik filtreler sayesinde sizler de makinenizin \u00e7al\u0131\u015fmas\u0131ndan daha \u00e7ok verim alabilir, istedi\u011finiz alanda faydalanabilirsiniz.<\/p>\n","protected":false},"excerpt":{"rendered":"<p>Manyetik Filtre Manyetik filtre sayesinde demir kirlili\u011fi m\u0131knat\u0131s taraf\u0131ndan \u00e7ekilir. Manyetik ay\u0131r\u0131c\u0131n\u0131n alt\u0131nda g\u00fc\u00e7l\u00fc bir manyetik alan olu\u015fturulur. Sudaki bu malzemeler ay\u0131r\u0131c\u0131n\u0131n alt\u0131ndan ge\u00e7ti\u011finde, malzemede gizlenen demir kirlili\u011fi ay\u0131r\u0131c\u0131n\u0131n \u00e7al\u0131\u015fma y\u00fczeyine \u00e7ekilecektir. Ay\u0131r\u0131c\u0131 belirli bir miktar demir \u00e7ekti\u011finde manyetik ay\u0131r\u0131c\u0131, bantl\u0131 konvey\u00f6rden uzakla\u015ft\u0131r\u0131l\u0131r ve ay\u0131r\u0131c\u0131ya yap\u0131\u015fan demir manyetik olmayan aletler ile \u00e7\u0131kar\u0131l\u0131r. Ay\u0131r\u0131c\u0131 temizlendikten sonra &hellip; <a href=\"https:\/\/zetaskimya.com.tr\/index.php\/product\/manyetik-filtre\/\" class=\"more-link\">Continue reading <span class=\"screen-reader-text\">Manyetik Filtre<\/span><\/a><\/p>\n","protected":false},"featured_media":9731,"comment_status":"open","ping_status":"closed","template":"","meta":[],"product_cat":[190,171,186],"product_tag":[],"class_list":{"0":"post-9701","1":"product","2":"type-product","3":"status-publish","4":"has-post-thumbnail","6":"product_cat-atik-su-aritma-sistemleri","7":"product_cat-sanayi-tipi-su-aritma","8":"product_cat-su-aritma-ekipmanlari","9":"pa_debi-m3-saat-775","10":"pa_debi-m3-saat-891","11":"pa_debi-m3-saat-776","12":"pa_debi-m3-saat-892","13":"pa_debi-m3-saat-893","14":"pa_debi-m3-saat-894","15":"pa_debi-m3-saat-895","16":"pa_debi-m3-saat-896","17":"pa_debi-m3-saat-45-2","18":"pa_debi-m3-saat-781","19":"pa_debi-m3-saat-898","20":"pa_debi-m3-saat-899","21":"pa_giris-cikis-1-1","22":"pa_giris-cikis-1-5","23":"pa_giris-cikis-881","24":"pa_giris-cikis-1-2","25":"pa_giris-cikis-2-5","26":"pa_giris-cikis-884","27":"pa_giris-cikis-885","28":"pa_giris-cikis-3-4","29":"pa_giris-cikis-887","30":"pa_giris-cikis-888","31":"pa_giris-cikis-889","32":"pa_giris-cikis-890","35":"instock","36":"sale","37":"shipping-taxable","38":"purchasable","39":"product-type-variable"},"jetpack_sharing_enabled":true,"_links":{"self":[{"href":"https:\/\/zetaskimya.com.tr\/index.php\/wp-json\/wp\/v2\/product\/9701","targetHints":{"allow":["GET"]}}],"collection":[{"href":"https:\/\/zetaskimya.com.tr\/index.php\/wp-json\/wp\/v2\/product"}],"about":[{"href":"https:\/\/zetaskimya.com.tr\/index.php\/wp-json\/wp\/v2\/types\/product"}],"replies":[{"embeddable":true,"href":"https:\/\/zetaskimya.com.tr\/index.php\/wp-json\/wp\/v2\/comments?post=9701"}],"version-history":[{"count":0,"href":"https:\/\/zetaskimya.com.tr\/index.php\/wp-json\/wp\/v2\/product\/9701\/revisions"}],"wp:featuredmedia":[{"embeddable":true,"href":"https:\/\/zetaskimya.com.tr\/index.php\/wp-json\/wp\/v2\/media\/9731"}],"wp:attachment":[{"href":"https:\/\/zetaskimya.com.tr\/index.php\/wp-json\/wp\/v2\/media?parent=9701"}],"wp:term":[{"taxonomy":"product_cat","embeddable":true,"href":"https:\/\/zetaskimya.com.tr\/index.php\/wp-json\/wp\/v2\/product_cat?post=9701"},{"taxonomy":"product_tag","embeddable":true,"href":"https:\/\/zetaskimya.com.tr\/index.php\/wp-json\/wp\/v2\/product_tag?post=9701"}],"curies":[{"name":"wp","href":"https:\/\/api.w.org\/{rel}","templated":true}]}}