{"id":9714,"date":"2024-09-28T16:26:50","date_gmt":"2024-09-28T13:26:50","guid":{"rendered":"https:\/\/zetaskimya.com.tr\/?post_type=product&#038;p=9714"},"modified":"2024-09-28T16:27:05","modified_gmt":"2024-09-28T13:27:05","slug":"ekonomik-tip-reverse-ozmos-cihazi-zero200","status":"publish","type":"product","link":"https:\/\/zetaskimya.com.tr\/index.php\/product\/ekonomik-tip-reverse-ozmos-cihazi-zero200\/","title":{"rendered":"Ekonomik Tip\u00a0 Reverse Ozmos Cihaz\u0131 Zero200"},"content":{"rendered":"<p><strong><u>200 L\u0130TRE\/SAAT TERS OSMOZ C\u0130HAZI <\/u> <\/strong><\/p>\n<p>* Miktar \u00a0 \u00a0 \u00a0 \u00a0 \u00a0 \u00a0 \u00a0 \u00a0 \u00a0 \u00a0 \u00a0 \u00a0 \u00a0 \u00a0 \u00a0 \u00a0 \u00a0 \u00a0: 1 Set<\/p>\n<p>* Model \u00a0 \u00a0 \u00a0 \u00a0 \u00a0 \u00a0 \u00a0 \u00a0 \u00a0 \u00a0 \u00a0 \u00a0 \u00a0 \u00a0 \u00a0 \u00a0 \u00a0 \u00a0 \u00a0 \u00a0 \u00a0\u00a0:E-RO<\/p>\n<p>* G\u00fcnl\u00fck \u00a0 \u00a0 \u00a0 \u00a0 \u00a0 \u00a0 \u00a0 \u00a0 \u00a0 \u00a0 \u00a0 \u00a0 \u00a0 \u00a0 \u00a0 \u00a0 \u00a0 \u00a0 \u00a0 \u00a0\u00a0: 4,8 m <sup>3<\/sup>\/g\u00fcn<\/p>\n<p>* Membran Adedi \u00a0 \u00a0 \u00a0 \u00a0 \u00a0 \u00a0 \u00a0 \u00a0 \u00a0 \u00a0 \u00a0 \u00a0 \u00a0\u00a0:1 Adet<\/p>\n<p>* \u00c7al\u0131\u015fma Bas\u0131nc\u0131 \u00a0 \u00a0 \u00a0 \u00a0 \u00a0 \u00a0 \u00a0 \u00a0 \u00a0 \u00a0 \u00a0 \u00a0 \u00a0\u00a0:8-12 Bar<\/p>\n<p>* Pompa G\u00fcc\u00fc \u00a0 \u00a0 \u00a0 \u00a0 \u00a0 \u00a0 \u00a0 \u00a0 \u00a0 \u00a0 \u00a0 \u00a0 \u00a0 \u00a0 \u00a0 \u00a0\u00a0:0,55 kW<\/p>\n<p>* Membran Ebatlar\u0131 \u00a0 \u00a0 \u00a0 \u00a0 \u00a0 \u00a0 \u00a0 \u00a0 \u00a0 \u00a0 \u00a0 \u00a0\u00a0:4\u201d x 40\u201d<\/p>\n<p>*Boyutlar\u0131\u00a0 \u00a0 \u00a0 \u00a0 \u00a0 \u00a0 \u00a0 \u00a0 \u00a0 \u00a0 \u00a0 \u00a0 \u00a0 \u00a0 \u00a0 \u00a0 \u00a0 \u00a0 \u00a0 \u00a0:65x130x40<\/p>\n<p>* \u00d6zellikler \u00a0\u00a0\u00a0\u00a0\u00a0\u00a0\u00a0\u00a0\u00a0\u00a0\u00a0\u00a0\u00a0\u00a0\u00a0\u00a0\u00a0\u00a0\u00a0\u00a0\u00a0\u00a0\u00a0\u00a0\u00a0\u00a0\u00a0: Bu sistem y\u00fcksek bas\u0131n\u00e7 alt\u0131nda suyunyar\u0131 ge\u00e7irgen \u00f6zellik ta\u015f\u0131yan membran yard\u0131m\u0131yla % 92 \u2013 98 oran\u0131nda i\u00e7indekikat\u0131 maddeleri, mineralleri ve mikroorganizmalar\u0131 da ortamdanuzakla\u015ft\u0131rarak temiz su eldesi sa\u011flar.\u0130la\u00e7sanayi, hemodiyaliz merkezleri, laboratuarlar, cam y\u0131kama, kimya prosesleri,buhar tesisleri, i\u00e7me suyu tesisleri, i\u00e7me suyunun olmad\u0131\u011f\u0131 yerlerde denizsuyundan i\u00e7me ve kullanma suyu elde etmeye kadar, bu teknolojide y\u00fcksekkalitede su \u00fcretmektedir.<\/p>\n","protected":false},"excerpt":{"rendered":"<p>200 L\u0130TRE\/SAAT TERS OSMOZ C\u0130HAZI * Miktar \u00a0 \u00a0 \u00a0 \u00a0 \u00a0 \u00a0 \u00a0 \u00a0 \u00a0 \u00a0 \u00a0 \u00a0 \u00a0 \u00a0 \u00a0 \u00a0 \u00a0 \u00a0: 1 Set * Model \u00a0 \u00a0 \u00a0 \u00a0 \u00a0 \u00a0 \u00a0 \u00a0 \u00a0 \u00a0 \u00a0 \u00a0 \u00a0 \u00a0 \u00a0 \u00a0 \u00a0 \u00a0 \u00a0 \u00a0 \u00a0\u00a0:E-RO * G\u00fcnl\u00fck \u00a0 \u00a0 \u00a0 &hellip; <a href=\"https:\/\/zetaskimya.com.tr\/index.php\/product\/ekonomik-tip-reverse-ozmos-cihazi-zero200\/\" class=\"more-link\">Continue reading <span class=\"screen-reader-text\">Ekonomik Tip\u00a0 Reverse Ozmos Cihaz\u0131 Zero200<\/span><\/a><\/p>\n","protected":false},"featured_media":9736,"comment_status":"open","ping_status":"closed","template":"","meta":[],"product_cat":[229,219],"product_tag":[],"class_list":{"0":"post-9714","1":"product","2":"type-product","3":"status-publish","4":"has-post-thumbnail","6":"product_cat-endustriyel-ozmos-sitemleri","7":"product_cat-ters-osmoz-sistemleri","10":"instock","11":"shipping-taxable","12":"purchasable","13":"product-type-simple"},"jetpack_sharing_enabled":true,"_links":{"self":[{"href":"https:\/\/zetaskimya.com.tr\/index.php\/wp-json\/wp\/v2\/product\/9714","targetHints":{"allow":["GET"]}}],"collection":[{"href":"https:\/\/zetaskimya.com.tr\/index.php\/wp-json\/wp\/v2\/product"}],"about":[{"href":"https:\/\/zetaskimya.com.tr\/index.php\/wp-json\/wp\/v2\/types\/product"}],"replies":[{"embeddable":true,"href":"https:\/\/zetaskimya.com.tr\/index.php\/wp-json\/wp\/v2\/comments?post=9714"}],"version-history":[{"count":0,"href":"https:\/\/zetaskimya.com.tr\/index.php\/wp-json\/wp\/v2\/product\/9714\/revisions"}],"wp:featuredmedia":[{"embeddable":true,"href":"https:\/\/zetaskimya.com.tr\/index.php\/wp-json\/wp\/v2\/media\/9736"}],"wp:attachment":[{"href":"https:\/\/zetaskimya.com.tr\/index.php\/wp-json\/wp\/v2\/media?parent=9714"}],"wp:term":[{"taxonomy":"product_cat","embeddable":true,"href":"https:\/\/zetaskimya.com.tr\/index.php\/wp-json\/wp\/v2\/product_cat?post=9714"},{"taxonomy":"product_tag","embeddable":true,"href":"https:\/\/zetaskimya.com.tr\/index.php\/wp-json\/wp\/v2\/product_tag?post=9714"}],"curies":[{"name":"wp","href":"https:\/\/api.w.org\/{rel}","templated":true}]}}