{"id":9717,"date":"2024-09-28T16:26:50","date_gmt":"2024-09-28T13:26:50","guid":{"rendered":"https:\/\/zetaskimya.com.tr\/?post_type=product&#038;p=9717"},"modified":"2024-09-28T16:27:29","modified_gmt":"2024-09-28T13:27:29","slug":"duz-flans","status":"publish","type":"product","link":"https:\/\/zetaskimya.com.tr\/index.php\/product\/duz-flans\/","title":{"rendered":"D\u00fcz Flan\u015f"},"content":{"rendered":"<p><strong>Flan\u015f ne demek k\u0131saca<\/strong>\u00a0tan\u0131mlayal\u0131m. \u0130ki makine ya da tesisat eleman\u0131n\u0131n s\u0131zd\u0131rmaz \u015fekilde birle\u015ftirilmesine yaratan konstr\u00fcksiyon eleman\u0131na flan\u015f denir. Standart olarak \u00fcretilen bir elemand\u0131r. Flan\u015f kelimesi dilimize Almanca\u2019dan gelmi\u015ftir. Almanca kar\u015f\u0131l\u0131\u011f\u0131 Flansch\u2019d\u0131r (<strong>flan\u015f okunur<\/strong>). Kullan\u0131m yerine g\u00f6re demir, bak\u0131r ya da pirin\u00e7 gibi farkl\u0131 malzemelerden \u00fcretilebilir. Flan\u015flar a\u011f\u0131rl\u0131kl\u0131 olarak bas\u0131n\u00e7 ve boyutlar\u0131na g\u00f6re s\u0131n\u0131fland\u0131r\u0131l\u0131rlar. Genellikle dairesel bir yap\u0131ya sahiptirler. \u0130ki dairenin c\u0131vatalarla birbirine ba\u011flanmas\u0131 ile flan\u015f olu\u015fturulur. C\u0131vata deliklerinin say\u0131s\u0131 sabit de\u011fildir, bas\u0131n\u00e7 s\u0131n\u0131f\u0131na g\u00f6re c\u0131vata deliklerin say\u0131s\u0131 de\u011fi\u015febilir. Flan\u015flar yukar\u0131da da s\u00f6z\u00fcn\u00fc etti\u011fimiz gibi genellikle dairesel yap\u0131dad\u0131r ancak nadiren de olsa d\u00f6rtgen ya da eliptik tasarland\u0131\u011f\u0131 \u015fekilleri de mevcuttur. D\u00fcnya genelinde \u00e7ok farkl\u0131 standartlarda\u00a0<strong>flan\u015f tipi<\/strong>\u00a0vard\u0131r.<\/p>\n","protected":false},"excerpt":{"rendered":"<p>Flan\u015f ne demek k\u0131saca\u00a0tan\u0131mlayal\u0131m. \u0130ki makine ya da tesisat eleman\u0131n\u0131n s\u0131zd\u0131rmaz \u015fekilde birle\u015ftirilmesine yaratan konstr\u00fcksiyon eleman\u0131na flan\u015f denir. Standart olarak \u00fcretilen bir elemand\u0131r. Flan\u015f kelimesi dilimize Almanca\u2019dan gelmi\u015ftir. Almanca kar\u015f\u0131l\u0131\u011f\u0131 Flansch\u2019d\u0131r (flan\u015f okunur). Kullan\u0131m yerine g\u00f6re demir, bak\u0131r ya da pirin\u00e7 gibi farkl\u0131 malzemelerden \u00fcretilebilir. Flan\u015flar a\u011f\u0131rl\u0131kl\u0131 olarak bas\u0131n\u00e7 ve boyutlar\u0131na g\u00f6re s\u0131n\u0131fland\u0131r\u0131l\u0131rlar. Genellikle dairesel &hellip; <a href=\"https:\/\/zetaskimya.com.tr\/index.php\/product\/duz-flans\/\" class=\"more-link\">Continue reading <span class=\"screen-reader-text\">D\u00fcz Flan\u015f<\/span><\/a><\/p>\n","protected":false},"featured_media":9752,"comment_status":"open","ping_status":"closed","template":"","meta":[],"product_cat":[230,179],"product_tag":[],"class_list":{"0":"post-9717","1":"product","2":"type-product","3":"status-publish","4":"has-post-thumbnail","6":"product_cat-flans","7":"product_cat-tum-urunler","8":"pa_flans-ebat-dn100","9":"pa_flans-ebat-dn125","10":"pa_flans-ebat-dn150","11":"pa_flans-ebat-dn50","12":"pa_flans-ebat-dn65","13":"pa_flans-ebat-dn80","14":"pa_flans-ozellik-pn10","15":"pa_flans-ozellik-pn16","16":"pa_flans-ozellik-pn6","19":"instock","20":"shipping-taxable","21":"purchasable","22":"product-type-variable"},"jetpack_sharing_enabled":true,"_links":{"self":[{"href":"https:\/\/zetaskimya.com.tr\/index.php\/wp-json\/wp\/v2\/product\/9717","targetHints":{"allow":["GET"]}}],"collection":[{"href":"https:\/\/zetaskimya.com.tr\/index.php\/wp-json\/wp\/v2\/product"}],"about":[{"href":"https:\/\/zetaskimya.com.tr\/index.php\/wp-json\/wp\/v2\/types\/product"}],"replies":[{"embeddable":true,"href":"https:\/\/zetaskimya.com.tr\/index.php\/wp-json\/wp\/v2\/comments?post=9717"}],"version-history":[{"count":0,"href":"https:\/\/zetaskimya.com.tr\/index.php\/wp-json\/wp\/v2\/product\/9717\/revisions"}],"wp:featuredmedia":[{"embeddable":true,"href":"https:\/\/zetaskimya.com.tr\/index.php\/wp-json\/wp\/v2\/media\/9752"}],"wp:attachment":[{"href":"https:\/\/zetaskimya.com.tr\/index.php\/wp-json\/wp\/v2\/media?parent=9717"}],"wp:term":[{"taxonomy":"product_cat","embeddable":true,"href":"https:\/\/zetaskimya.com.tr\/index.php\/wp-json\/wp\/v2\/product_cat?post=9717"},{"taxonomy":"product_tag","embeddable":true,"href":"https:\/\/zetaskimya.com.tr\/index.php\/wp-json\/wp\/v2\/product_tag?post=9717"}],"curies":[{"name":"wp","href":"https:\/\/api.w.org\/{rel}","templated":true}]}}